{"id":2932,"date":"2024-09-01T13:54:06","date_gmt":"2024-09-01T13:54:06","guid":{"rendered":"https:\/\/discovery.cufmilano.com\/home\/"},"modified":"2024-10-06T13:10:20","modified_gmt":"2024-10-06T13:10:20","slug":"home","status":"publish","type":"page","link":"https:\/\/discovery.cufmilano.com\/fr\/","title":{"rendered":"Home"},"content":{"rendered":"\t\t<div data-elementor-type=\"wp-page\" data-elementor-id=\"2932\" class=\"elementor elementor-2932 elementor-1468\">\n\t\t\t\t\t\t<section class=\"elementor-section elementor-top-section elementor-element elementor-element-9761b29 elementor-section-full_width elementor-section-height-default elementor-section-height-default\" data-id=\"9761b29\" data-element_type=\"section\">\n\t\t\t\t\t\t<div class=\"elementor-container elementor-column-gap-no\">\n\t\t\t\t\t<div class=\"elementor-column elementor-col-100 elementor-top-column elementor-element elementor-element-0b07632\" data-id=\"0b07632\" data-element_type=\"column\">\n\t\t\t<div class=\"elementor-widget-wrap\">\n\t\t\t\t\t\t\t<\/div>\n\t\t<\/div>\n\t\t\t\t\t<\/div>\n\t\t<\/section>\n\t\t\t\t<section class=\"elementor-section elementor-top-section elementor-element elementor-element-3604a5c elementor-section-boxed elementor-section-height-default elementor-section-height-default\" data-id=\"3604a5c\" data-element_type=\"section\" data-settings=\"{&quot;background_background&quot;:&quot;classic&quot;}\">\n\t\t\t\t\t\t<div class=\"elementor-container elementor-column-gap-custom\">\n\t\t\t\t\t<div class=\"elementor-column elementor-col-100 elementor-top-column elementor-element elementor-element-5bf40b0\" data-id=\"5bf40b0\" data-element_type=\"column\">\n\t\t\t<div class=\"elementor-widget-wrap elementor-element-populated\">\n\t\t\t\t\t\t<div class=\"elementor-element elementor-element-03f19a8 elementor-widget elementor-widget-text-editor\" data-id=\"03f19a8\" data-element_type=\"widget\" data-widget_type=\"text-editor.default\">\n\t\t\t\t<div class=\"elementor-widget-container\">\n\t\t\t\t\t\t\t\t\t<header class=\"block-header\">\n<h2 class=\"block-title h3\">CUF MILANO <span class=\"payoff\">office landscapes<\/span><\/h2>\n<\/header>\t\t\t\t\t\t\t\t<\/div>\n\t\t\t\t<\/div>\n\t\t\t\t<div class=\"elementor-element elementor-element-5511e9b elementor-widget elementor-widget-fw-list-1\" data-id=\"5511e9b\" data-element_type=\"widget\" data-widget_type=\"fw-list-1.default\">\n\t\t\t\t<div class=\"elementor-widget-container\">\n\t\t\t\t\t\t\t<div id=\"uid_5511e9b\" class=\"block-wrap fw-block fw-list-1\" data-uuid=\"uid_5511e9b\" data-name=\"fw_list_1\" data-page_max=\"1\" data-page_current=\"1\" data-order=\"date_post\" data-posts_per_page=\"8\" >\r\n\t\t\t\t<div class=\"content-wrap\"><div class=\"content-inner rb-row\">\r\n\t\t<div class=\"p-outer rb-col-m12\">\t\t<div class=\"p-wrap p-list p-list-1 rb-row post-3026 is-border no-avatar\">\r\n\t\t\t\t\t\t\t<div class=\"rb-col-m12 rb-col-t6 col-left\">\r\n\t\t\t\t\t<div class=\"p-feat-holder\">\r\n\t\t\t\t\t\t<div class=\"p-feat\">\r\n\t\t\t\t\t\t\t\t\t<a class=\"p-flink\" href=\"https:\/\/discovery.cufmilano.com\/fr\/2024\/10\/15\/la-vision-du-bureau-du-futur-prend-forme-avec-les-nouveaux-produits-cuf-milano-2024\/\" aria-label=\"La vision du bureau du futur prend forme avec les nouveaux produits CUF Milano 2024 :\u00a0\">\r\n\t\t\t<span class=\"rb-iwrap\"><img fetchpriority=\"high\" decoding=\"async\" width=\"740\" height=\"481\" src=\"https:\/\/discovery.cufmilano.com\/wp-content\/uploads\/2024\/10\/anteprima-discovery-novita-orgatec24.jpg\" class=\"attachment-pixwell_370x250-2x size-pixwell_370x250-2x wp-post-image\" alt=\"\" \/><\/span> <\/a>\r\n\t\t\t\t<aside class=\"p-cat-info is-absolute\">\r\n\t\t\t<a class=\"cat-info-el cat-info-id-44\" href=\"https:\/\/discovery.cufmilano.com\/fr\/category\/idees-et-tendances\/\" rel=\"category\">ID\u00c9ES ET TENDANCES<\/a>\t\t<\/aside>\r\n\t\t\t\t\t\t\t\t<\/div>\r\n\t\t\t\t\t\t\t\t\t\t\t<\/div>\r\n\t\t\t\t<\/div>\r\n\t\t\t\t\t\t<div class=\"rb-col-m12 rb-col-t6 col-right\">\r\n\t\t\t\t<div class=\"p-header\"><h3 class=\"entry-title\">\t\t<a class=\"p-url\" href=\"https:\/\/discovery.cufmilano.com\/fr\/2024\/10\/15\/la-vision-du-bureau-du-futur-prend-forme-avec-les-nouveaux-produits-cuf-milano-2024\/\" rel=\"bookmark\">La vision du bureau du futur prend forme avec les nouveaux produits CUF Milano 2024 :\u00a0<\/a>\r\n\t\t<\/h3><\/div>\r\n\t\t\t\t\t\t\t\t<p class=\"entry-summary\">Le monde du travail est en constante \u00e9volution et les solutions qui seront n\u00e9cessaires demain ne seront peut-\u00eatre pas celles dont nous avons besoin aujourd&#039;hui. Chez CUF Milano, nous offrons des outils pour s&#039;adapter au changement, nous fa\u00e7onnons des espaces\t\t\t\t\t\t<span class=\"summary-dot\">...<\/span><\/p>\r\n\t\t\t\t\t\t\t<div class=\"p-footer\">\r\n\t\t\t\t\t<aside class=\"p-meta-info\">\t\t\t<span class=\"meta-info-el meta-info-tag\">\r\n\t\t\t<em class=\"meta-label\">Tags: <\/em>\r\n\t\t\t\t\t\t\t\t\t<a href=\"https:\/\/discovery.cufmilano.com\/fr\/tag\/personnalisation-du-produit\/\" rel=\"tag\">Personnalisation du produit<\/a>\r\n\t\t\t\t\t\t\t<\/span>\r\n\t\t<\/aside>\t\t<a class=\"btn p-link\" aria-label=\"La vision du bureau du futur prend forme avec les nouveaux produits CUF Milano 2024 :\u00a0\" href=\"https:\/\/discovery.cufmilano.com\/fr\/2024\/10\/15\/la-vision-du-bureau-du-futur-prend-forme-avec-les-nouveaux-produits-cuf-milano-2024\/\">EN SAVOIR PLUS<i class=\"rbi rbi-arrow-right\" aria-hidden=\"true\"><\/i><\/a>\r\n\t\t\t\t\t\t<\/div>\r\n\t\t\t<\/div>\r\n\t\t<\/div>\r\n\t\t<\/div><div class=\"p-outer rb-col-m12\">\t\t<div class=\"p-wrap p-list p-list-1 rb-row post-2864 is-border no-avatar\">\r\n\t\t\t\t\t\t\t<div class=\"rb-col-m12 rb-col-t6 col-left\">\r\n\t\t\t\t\t<div class=\"p-feat-holder\">\r\n\t\t\t\t\t\t<div class=\"p-feat\">\r\n\t\t\t\t\t\t\t\t\t<a class=\"p-flink\" href=\"https:\/\/discovery.cufmilano.com\/fr\/2024\/09\/01\/customizzazione-e-personalizzazione-lufficio-su-misura-di-cufmilano\/\" aria-label=\"Conception et personnalisation: le bureau sur mesure de CUFMilano\">\r\n\t\t\t<span class=\"rb-iwrap\"><img decoding=\"async\" width=\"740\" height=\"481\" src=\"https:\/\/discovery.cufmilano.com\/wp-content\/uploads\/2024\/09\/news-personalizzazione.jpg\" class=\"attachment-pixwell_370x250-2x size-pixwell_370x250-2x wp-post-image\" alt=\"\" \/><\/span> <\/a>\r\n\t\t\t\t<aside class=\"p-cat-info is-absolute\">\r\n\t\t\t<a class=\"cat-info-el cat-info-id-44\" href=\"https:\/\/discovery.cufmilano.com\/fr\/category\/idees-et-tendances\/\" rel=\"category\">ID\u00c9ES ET TENDANCES<\/a>\t\t<\/aside>\r\n\t\t\t\t\t\t\t\t<\/div>\r\n\t\t\t\t\t\t\t\t\t\t\t<\/div>\r\n\t\t\t\t<\/div>\r\n\t\t\t\t\t\t<div class=\"rb-col-m12 rb-col-t6 col-right\">\r\n\t\t\t\t<div class=\"p-header\"><h3 class=\"entry-title\">\t\t<a class=\"p-url\" href=\"https:\/\/discovery.cufmilano.com\/fr\/2024\/09\/01\/customizzazione-e-personalizzazione-lufficio-su-misura-di-cufmilano\/\" rel=\"bookmark\">Conception et personnalisation: le bureau sur mesure de CUFMilano<\/a>\r\n\t\t<\/h3><\/div>\r\n\t\t\t\t\t\t\t\t<p class=\"entry-summary\">Rendre votre bureau unique est possible. Dans ce num\u00e9ro, nous explorons le pouvoir de la personnalisation. Du mobilier sur mesure \u00e0 l\u2019am\u00e9nagement personnalis\u00e9, nous vous expliquons \u00e0 quel point il est important de cr\u00e9er un espace de travail qui corresponde\t\t\t\t\t\t<span class=\"summary-dot\">...<\/span><\/p>\r\n\t\t\t\t\t\t\t<div class=\"p-footer\">\r\n\t\t\t\t\t<aside class=\"p-meta-info\">\t\t\t<span class=\"meta-info-el meta-info-tag\">\r\n\t\t\t<em class=\"meta-label\">Tags: <\/em>\r\n\t\t\t\t\t\t\t\t\t<a href=\"https:\/\/discovery.cufmilano.com\/fr\/tag\/bien-etre-au-bureau\/\" rel=\"tag\">Bien-\u00eatre au bureau<\/a>\r\n\t\t\t\t\t\t\t\t\t<a href=\"https:\/\/discovery.cufmilano.com\/fr\/tag\/ergonomie\/\" rel=\"tag\">Ergonomie<\/a>\r\n\t\t\t\t\t\t\t\t\t<a href=\"https:\/\/discovery.cufmilano.com\/fr\/tag\/personnalisation-du-produit\/\" rel=\"tag\">Personnalisation du produit<\/a>\r\n\t\t\t\t\t\t\t<\/span>\r\n\t\t<\/aside>\t\t<a class=\"btn p-link\" aria-label=\"Conception et personnalisation: le bureau sur mesure de CUFMilano\" href=\"https:\/\/discovery.cufmilano.com\/fr\/2024\/09\/01\/customizzazione-e-personalizzazione-lufficio-su-misura-di-cufmilano\/\">EN SAVOIR PLUS<i class=\"rbi rbi-arrow-right\" aria-hidden=\"true\"><\/i><\/a>\r\n\t\t\t\t\t\t<\/div>\r\n\t\t\t<\/div>\r\n\t\t<\/div>\r\n\t\t<\/div><div class=\"p-outer rb-col-m12\">\t\t<div class=\"p-wrap p-list p-list-1 rb-row post-2874 is-border no-avatar\">\r\n\t\t\t\t\t\t\t<div class=\"rb-col-m12 rb-col-t6 col-left\">\r\n\t\t\t\t\t<div class=\"p-feat-holder\">\r\n\t\t\t\t\t\t<div class=\"p-feat\">\r\n\t\t\t\t\t\t\t\t\t<a class=\"p-flink\" href=\"https:\/\/discovery.cufmilano.com\/fr\/2024\/09\/01\/cufmilano-partner-chiave-nel-progetto-human-technopole-a-milano\/\" aria-label=\"CUF Milano partenaire cl\u00e9 du projet Human Technopole \u00e0 Milan\">\r\n\t\t\t<span class=\"rb-iwrap\"><img decoding=\"async\" width=\"740\" height=\"481\" src=\"https:\/\/discovery.cufmilano.com\/wp-content\/uploads\/2024\/09\/office_mind_Milano-1.jpg\" class=\"attachment-pixwell_370x250-2x size-pixwell_370x250-2x wp-post-image\" alt=\"\" \/><\/span> <\/a>\r\n\t\t\t\t<aside class=\"p-cat-info is-absolute\">\r\n\t\t\t<a class=\"cat-info-el cat-info-id-50\" href=\"https:\/\/discovery.cufmilano.com\/fr\/category\/connaissances\/\" rel=\"category\">CONNAISSANCES<\/a>\t\t<\/aside>\r\n\t\t\t\t\t\t\t\t<\/div>\r\n\t\t\t\t\t\t\t\t\t\t\t<\/div>\r\n\t\t\t\t<\/div>\r\n\t\t\t\t\t\t<div class=\"rb-col-m12 rb-col-t6 col-right\">\r\n\t\t\t\t<div class=\"p-header\"><h3 class=\"entry-title\">\t\t<a class=\"p-url\" href=\"https:\/\/discovery.cufmilano.com\/fr\/2024\/09\/01\/cufmilano-partner-chiave-nel-progetto-human-technopole-a-milano\/\" rel=\"bookmark\">CUF Milano partenaire cl\u00e9 du projet Human Technopole \u00e0 Milan<\/a>\r\n\t\t<\/h3><\/div>\r\n\t\t\t\t\t\t\t\t<p class=\"entry-summary\">Human Technopole D\u00e9couvrez l\u2019implication de CUF Milano dans le projet de r\u00e9am\u00e9nagement de la zone MIND \u00e0 Milan, avec un accent particulier sur le prestigieux pavillon italien de l\u2019Expo Milano 2015, le Pavillon \u201cITALIA\u201d. Dans ce dossier approfondi, vous d\u00e9couvrirez\t\t\t\t\t\t<span class=\"summary-dot\">...<\/span><\/p>\r\n\t\t\t\t\t\t\t<div class=\"p-footer\">\r\n\t\t\t\t\t<aside class=\"p-meta-info\">\t\t\t<span class=\"meta-info-el meta-info-tag\">\r\n\t\t\t<em class=\"meta-label\">Tags: <\/em>\r\n\t\t\t\t\t\t\t\t\t<a href=\"https:\/\/discovery.cufmilano.com\/fr\/tag\/ergonomie\/\" rel=\"tag\">Ergonomie<\/a>\r\n\t\t\t\t\t\t\t\t\t<a href=\"https:\/\/discovery.cufmilano.com\/fr\/tag\/organisation-spatiale\/\" rel=\"tag\">Organisation spatiale<\/a>\r\n\t\t\t\t\t\t\t<\/span>\r\n\t\t<\/aside>\t\t<a class=\"btn p-link\" aria-label=\"CUF Milano partenaire cl\u00e9 du projet Human Technopole \u00e0 Milan\" href=\"https:\/\/discovery.cufmilano.com\/fr\/2024\/09\/01\/cufmilano-partner-chiave-nel-progetto-human-technopole-a-milano\/\">EN SAVOIR PLUS<i class=\"rbi rbi-arrow-right\" aria-hidden=\"true\"><\/i><\/a>\r\n\t\t\t\t\t\t<\/div>\r\n\t\t\t<\/div>\r\n\t\t<\/div>\r\n\t\t<\/div><div class=\"p-outer rb-col-m12\">\t\t<div class=\"p-wrap p-list p-list-1 rb-row post-2911 is-border no-avatar\">\r\n\t\t\t\t\t\t\t<div class=\"rb-col-m12 rb-col-t6 col-left\">\r\n\t\t\t\t\t<div class=\"p-feat-holder\">\r\n\t\t\t\t\t\t<div class=\"p-feat\">\r\n\t\t\t\t\t\t\t\t\t<a class=\"p-flink\" href=\"https:\/\/discovery.cufmilano.com\/fr\/2024\/04\/20\/six-exercices-ergonomiques-faciles-a-faire-au-bureau-pour-soulager-les-troubles-musculosquelettiques\/\" aria-label=\"Six exercices ergonomiques faciles \u00e0 faire au bureau pour soulager les troubles musculosquelettiques\">\r\n\t\t\t<span class=\"rb-iwrap\"><img loading=\"lazy\" decoding=\"async\" width=\"740\" height=\"320\" src=\"https:\/\/discovery.cufmilano.com\/wp-content\/uploads\/2021\/11\/six-easy-ergonomic-exercises-header.jpg\" class=\"attachment-pixwell_370x250-2x size-pixwell_370x250-2x wp-post-image\" alt=\"\" \/><\/span> <\/a>\r\n\t\t\t\t<aside class=\"p-cat-info is-absolute\">\r\n\t\t\t<a class=\"cat-info-el cat-info-id-52\" href=\"https:\/\/discovery.cufmilano.com\/fr\/category\/bien-etre-au-bureau\/\" rel=\"category\">BIEN-\u00caTRE AU BUREAU<\/a>\t\t<\/aside>\r\n\t\t\t\t\t\t\t\t<\/div>\r\n\t\t\t\t\t\t\t\t\t\t\t<\/div>\r\n\t\t\t\t<\/div>\r\n\t\t\t\t\t\t<div class=\"rb-col-m12 rb-col-t6 col-right\">\r\n\t\t\t\t<div class=\"p-header\"><h3 class=\"entry-title\">\t\t<a class=\"p-url\" href=\"https:\/\/discovery.cufmilano.com\/fr\/2024\/04\/20\/six-exercices-ergonomiques-faciles-a-faire-au-bureau-pour-soulager-les-troubles-musculosquelettiques\/\" rel=\"bookmark\">Six exercices ergonomiques faciles \u00e0 faire au bureau pour soulager les troubles musculosquelettiques<\/a>\r\n\t\t<\/h3><\/div>\r\n\t\t\t\t\t\t\t\t<p class=\"entry-summary\">Les employ\u00e9s de bureau sont souvent assis pendant de longues heures, ce qui peut entra\u00eener des troubles musculosquelettiques tels que des douleurs cervicales, des tensions dans les \u00e9paules et une g\u00eane au niveau des poignets. Heureusement, il est possible d&rsquo;int\u00e9grer\t\t\t\t\t\t<span class=\"summary-dot\">...<\/span><\/p>\r\n\t\t\t\t\t\t\t<div class=\"p-footer\">\r\n\t\t\t\t\t<aside class=\"p-meta-info\">\t\t\t<span class=\"meta-info-el meta-info-tag\">\r\n\t\t\t<em class=\"meta-label\">Tags: <\/em>\r\n\t\t\t\t\t\t\t\t\t<a href=\"https:\/\/discovery.cufmilano.com\/fr\/tag\/ergonomie\/\" rel=\"tag\">Ergonomie<\/a>\r\n\t\t\t\t\t\t\t<\/span>\r\n\t\t<\/aside>\t\t<a class=\"btn p-link\" aria-label=\"Six exercices ergonomiques faciles \u00e0 faire au bureau pour soulager les troubles musculosquelettiques\" href=\"https:\/\/discovery.cufmilano.com\/fr\/2024\/04\/20\/six-exercices-ergonomiques-faciles-a-faire-au-bureau-pour-soulager-les-troubles-musculosquelettiques\/\">EN SAVOIR PLUS<i class=\"rbi rbi-arrow-right\" aria-hidden=\"true\"><\/i><\/a>\r\n\t\t\t\t\t\t<\/div>\r\n\t\t\t<\/div>\r\n\t\t<\/div>\r\n\t\t<\/div><div class=\"p-outer rb-col-m12\">\t\t<div class=\"p-wrap p-list p-list-1 rb-row post-2882 is-border no-avatar\">\r\n\t\t\t\t\t\t\t<div class=\"rb-col-m12 rb-col-t6 col-left\">\r\n\t\t\t\t\t<div class=\"p-feat-holder\">\r\n\t\t\t\t\t\t<div class=\"p-feat\">\r\n\t\t\t\t\t\t\t\t\t<a class=\"p-flink\" href=\"https:\/\/discovery.cufmilano.com\/fr\/2024\/02\/10\/ergonomia-e-benessere-in-ufficio-la-ricetta-per-il-successo\/\" aria-label=\"Ergonomie et bien-\u00eatre au bureau : La recette du succ\u00e8s !\">\r\n\t\t\t<span class=\"rb-iwrap\"><img loading=\"lazy\" decoding=\"async\" width=\"740\" height=\"481\" src=\"https:\/\/discovery.cufmilano.com\/wp-content\/uploads\/2021\/11\/isola-up.jpg\" class=\"attachment-pixwell_370x250-2x size-pixwell_370x250-2x wp-post-image\" alt=\"\" \/><\/span> <\/a>\r\n\t\t\t\t<aside class=\"p-cat-info is-absolute\">\r\n\t\t\t<a class=\"cat-info-el cat-info-id-52\" href=\"https:\/\/discovery.cufmilano.com\/fr\/category\/bien-etre-au-bureau\/\" rel=\"category\">BIEN-\u00caTRE AU BUREAU<\/a>\t\t<\/aside>\r\n\t\t\t\t\t\t\t\t<\/div>\r\n\t\t\t\t\t\t\t\t\t\t\t<\/div>\r\n\t\t\t\t<\/div>\r\n\t\t\t\t\t\t<div class=\"rb-col-m12 rb-col-t6 col-right\">\r\n\t\t\t\t<div class=\"p-header\"><h3 class=\"entry-title\">\t\t<a class=\"p-url\" href=\"https:\/\/discovery.cufmilano.com\/fr\/2024\/02\/10\/ergonomia-e-benessere-in-ufficio-la-ricetta-per-il-successo\/\" rel=\"bookmark\">Ergonomie et bien-\u00eatre au bureau : La recette du succ\u00e8s !<\/a>\r\n\t\t<\/h3><\/div>\r\n\t\t\t\t\t\t\t\t<p class=\"entry-summary\">Transformez votre bureau en oasis de confort et de productivit\u00e9 avec CUFMilano Dans le monde fr\u00e9n\u00e9tique du travail, assurer le bien-\u00eatre des employ\u00e9s est devenu un imp\u00e9ratif strat\u00e9gique. L\u2019un des piliers fondamentaux pour promouvoir la sant\u00e9 physique et mentale sur\t\t\t\t\t\t<span class=\"summary-dot\">...<\/span><\/p>\r\n\t\t\t\t\t\t\t<div class=\"p-footer\">\r\n\t\t\t\t\t<aside class=\"p-meta-info\">\t\t\t<span class=\"meta-info-el meta-info-tag\">\r\n\t\t\t<em class=\"meta-label\">Tags: <\/em>\r\n\t\t\t\t\t\t\t\t\t<a href=\"https:\/\/discovery.cufmilano.com\/fr\/tag\/ergonomie\/\" rel=\"tag\">Ergonomie<\/a>\r\n\t\t\t\t\t\t\t\t\t<a href=\"https:\/\/discovery.cufmilano.com\/fr\/tag\/organisation-spatiale\/\" rel=\"tag\">Organisation spatiale<\/a>\r\n\t\t\t\t\t\t\t\t\t<a href=\"https:\/\/discovery.cufmilano.com\/fr\/tag\/sieges-ergonomiques\/\" rel=\"tag\">Si\u00e8ges ergonomiques<\/a>\r\n\t\t\t\t\t\t\t<\/span>\r\n\t\t<\/aside>\t\t<a class=\"btn p-link\" aria-label=\"Ergonomie et bien-\u00eatre au bureau : La recette du succ\u00e8s !\" href=\"https:\/\/discovery.cufmilano.com\/fr\/2024\/02\/10\/ergonomia-e-benessere-in-ufficio-la-ricetta-per-il-successo\/\">EN SAVOIR PLUS<i class=\"rbi rbi-arrow-right\" aria-hidden=\"true\"><\/i><\/a>\r\n\t\t\t\t\t\t<\/div>\r\n\t\t\t<\/div>\r\n\t\t<\/div>\r\n\t\t<\/div><div class=\"p-outer rb-col-m12\">\t\t<div class=\"p-wrap p-list p-list-1 rb-row post-2895 is-border no-avatar\">\r\n\t\t\t\t\t\t\t<div class=\"rb-col-m12 rb-col-t6 col-left\">\r\n\t\t\t\t\t<div class=\"p-feat-holder\">\r\n\t\t\t\t\t\t<div class=\"p-feat\">\r\n\t\t\t\t\t\t\t\t\t<a class=\"p-flink\" href=\"https:\/\/discovery.cufmilano.com\/fr\/2024\/01\/10\/organizzare-la-vostra-postazione-di-lavoro-in-ufficio\/\" aria-label=\"Organiser votre poste de travail au bureau\">\r\n\t\t\t<span class=\"rb-iwrap\"><img loading=\"lazy\" decoding=\"async\" width=\"740\" height=\"481\" src=\"https:\/\/discovery.cufmilano.com\/wp-content\/uploads\/2021\/11\/hs-monitorarms-m10-3000.jpg\" class=\"attachment-pixwell_370x250-2x size-pixwell_370x250-2x wp-post-image\" alt=\"\" \/><\/span> <\/a>\r\n\t\t\t\t<aside class=\"p-cat-info is-absolute\">\r\n\t\t\t<a class=\"cat-info-el cat-info-id-54\" href=\"https:\/\/discovery.cufmilano.com\/fr\/category\/guides-pratiques\/\" rel=\"category\">GUIDES PRATIQUES<\/a>\t\t<\/aside>\r\n\t\t\t\t\t\t\t\t<\/div>\r\n\t\t\t\t\t\t\t\t\t\t\t<\/div>\r\n\t\t\t\t<\/div>\r\n\t\t\t\t\t\t<div class=\"rb-col-m12 rb-col-t6 col-right\">\r\n\t\t\t\t<div class=\"p-header\"><h3 class=\"entry-title\">\t\t<a class=\"p-url\" href=\"https:\/\/discovery.cufmilano.com\/fr\/2024\/01\/10\/organizzare-la-vostra-postazione-di-lavoro-in-ufficio\/\" rel=\"bookmark\">Organiser votre poste de travail au bureau<\/a>\r\n\t\t<\/h3><\/div>\r\n\t\t\t\t\t\t\t\t<p class=\"entry-summary\">Un guide en points Votre poste de travail est le c\u0153ur de votre environnement professionnel. Un environnement organis\u00e9 am\u00e9liore non seulement la productivit\u00e9, mais aussi le bien-\u00eatre.Voici quelques suggestions de CUFMilano que vous pouvez facilement suivre. 1) Mise en avant\t\t\t\t\t\t<span class=\"summary-dot\">...<\/span><\/p>\r\n\t\t\t\t\t\t\t<div class=\"p-footer\">\r\n\t\t\t\t\t<aside class=\"p-meta-info\">\t\t\t<span class=\"meta-info-el meta-info-tag\">\r\n\t\t\t<em class=\"meta-label\">Tags: <\/em>\r\n\t\t\t\t\t\t\t\t\t<a href=\"https:\/\/discovery.cufmilano.com\/fr\/tag\/ergonomie\/\" rel=\"tag\">Ergonomie<\/a>\r\n\t\t\t\t\t\t\t\t\t<a href=\"https:\/\/discovery.cufmilano.com\/fr\/tag\/organisation-spatiale\/\" rel=\"tag\">Organisation spatiale<\/a>\r\n\t\t\t\t\t\t\t<\/span>\r\n\t\t<\/aside>\t\t<a class=\"btn p-link\" aria-label=\"Organiser votre poste de travail au bureau\" href=\"https:\/\/discovery.cufmilano.com\/fr\/2024\/01\/10\/organizzare-la-vostra-postazione-di-lavoro-in-ufficio\/\">EN SAVOIR PLUS<i class=\"rbi rbi-arrow-right\" aria-hidden=\"true\"><\/i><\/a>\r\n\t\t\t\t\t\t<\/div>\r\n\t\t\t<\/div>\r\n\t\t<\/div>\r\n\t\t<\/div>\t\t<\/div>\r\n\t\t<\/div>\r\n\t\t<\/div>\t\t\t\t<\/div>\n\t\t\t\t<\/div>\n\t\t\t\t\t<\/div>\n\t\t<\/div>\n\t\t\t\t\t<\/div>\n\t\t<\/section>\n\t\t\t\t<section class=\"elementor-section elementor-top-section elementor-element elementor-element-83564ab elementor-section-boxed elementor-section-height-default elementor-section-height-default\" data-id=\"83564ab\" data-element_type=\"section\" data-settings=\"{&quot;background_background&quot;:&quot;classic&quot;}\">\n\t\t\t\t\t\t\t<div class=\"elementor-background-overlay\"><\/div>\n\t\t\t\t\t\t\t<div class=\"elementor-container elementor-column-gap-custom\">\n\t\t\t\t\t<div class=\"elementor-column elementor-col-100 elementor-top-column elementor-element elementor-element-79ea067\" data-id=\"79ea067\" data-element_type=\"column\">\n\t\t\t<div class=\"elementor-widget-wrap elementor-element-populated\">\n\t\t\t\t\t\t<div class=\"elementor-element elementor-element-bd44cfa elementor-widget elementor-widget-fw-feat-11\" data-id=\"bd44cfa\" data-element_type=\"widget\" id=\"titolo-news-cufmilano\" data-widget_type=\"fw-feat-11.default\">\n\t\t\t\t<div class=\"elementor-widget-container\">\n\t\t\t\t\t\t\t<div id=\"uid_bd44cfa\" class=\"block-wrap fw-block fw-feat-11 none-margin\" >\r\n\t\t\t\t<header class=\"block-header\">\r\n\t\t\t\t\t\t\t<h2 class=\"block-title h3 is-link\">\r\n\t\t\t\t\t<a href=\"https:\/\/tf01.themeruby.com\/architecture\/blog\/\" title=\"Actualit\u00e9s Cuf Milan\">Actualit\u00e9s Cuf Milan<\/a>\r\n\t\t\t\t<\/h2>\r\n\t\t\t\t\t\t\t\t<\/header>\r\n\t\t<\/div>\t\t\t\t<\/div>\n\t\t\t\t<\/div>\n\t\t\t\t<div class=\"elementor-element elementor-element-2f4dee8 elementor-widget elementor-widget-html\" data-id=\"2f4dee8\" data-element_type=\"widget\" data-widget_type=\"html.default\">\n\t\t\t\t<div class=\"elementor-widget-container\">\n\t\t\t\t\t<iframe name=\"frame\" id=\"frame\" src=\"https:\/\/www.cufmilano.com\/fr\/news-export-discovery\/\">\n<\/iframe>\t\t\t\t<\/div>\n\t\t\t\t<\/div>\n\t\t\t\t<div class=\"elementor-element elementor-element-76fd5db elementor-align-center elementor-widget elementor-widget-button\" data-id=\"76fd5db\" data-element_type=\"widget\" data-widget_type=\"button.default\">\n\t\t\t\t<div class=\"elementor-widget-container\">\n\t\t\t\t\t\t\t\t\t<div class=\"elementor-button-wrapper\">\n\t\t\t\t\t<a class=\"elementor-button elementor-button-link elementor-size-md\" href=\"https:\/\/www.cufmilano.com\/fr\/news\/\" target=\"_blank\">\n\t\t\t\t\t\t<span class=\"elementor-button-content-wrapper\">\n\t\t\t\t\t\t\t\t\t<span class=\"elementor-button-text\">voir toutes les nouvelles<\/span>\n\t\t\t\t\t<\/span>\n\t\t\t\t\t<\/a>\n\t\t\t\t<\/div>\n\t\t\t\t\t\t\t\t<\/div>\n\t\t\t\t<\/div>\n\t\t\t\t\t<\/div>\n\t\t<\/div>\n\t\t\t\t\t<\/div>\n\t\t<\/section>\n\t\t\t\t<section class=\"elementor-section elementor-top-section elementor-element elementor-element-45222ca elementor-section-boxed elementor-section-height-default elementor-section-height-default\" data-id=\"45222ca\" data-element_type=\"section\" data-settings=\"{&quot;background_background&quot;:&quot;classic&quot;}\">\n\t\t\t\t\t\t<div class=\"elementor-container elementor-column-gap-custom\">\n\t\t\t\t\t<div class=\"elementor-column elementor-col-100 elementor-top-column elementor-element elementor-element-48006cc\" data-id=\"48006cc\" data-element_type=\"column\">\n\t\t\t<div class=\"elementor-widget-wrap elementor-element-populated\">\n\t\t\t\t\t\t<div class=\"elementor-element elementor-element-35eeda1 elementor-widget elementor-widget-heading\" data-id=\"35eeda1\" data-element_type=\"widget\" data-widget_type=\"heading.default\">\n\t\t\t\t<div class=\"elementor-widget-container\">\n\t\t\t\t\t<h2 class=\"elementor-heading-title elementor-size-default\">Abonnez-vous \u00e0 notre newsletter<\/h2>\t\t\t\t<\/div>\n\t\t\t\t<\/div>\n\t\t\t\t<div class=\"elementor-element elementor-element-bda13be elementor-widget elementor-widget-text-editor\" data-id=\"bda13be\" data-element_type=\"widget\" data-widget_type=\"text-editor.default\">\n\t\t\t\t<div class=\"elementor-widget-container\">\n\t\t\t\t\t\t\t\t\t<p>Inscrivez-vous maintenant pour recevoir des informations sur les produits et les tendances du \u00ab monde du bureau\u00bb<\/p>\t\t\t\t\t\t\t\t<\/div>\n\t\t\t\t<\/div>\n\t\t\t\t<div class=\"elementor-element elementor-element-bd3b156 elementor-align-center elementor-widget elementor-widget-button\" data-id=\"bd3b156\" data-element_type=\"widget\" data-widget_type=\"button.default\">\n\t\t\t\t<div class=\"elementor-widget-container\">\n\t\t\t\t\t\t\t\t\t<div class=\"elementor-button-wrapper\">\n\t\t\t\t\t<a class=\"elementor-button elementor-button-link elementor-size-sm\" href=\"https:\/\/www.cufmilano.com\/it\/iscrizione-newsletter\/\" target=\"_blank\">\n\t\t\t\t\t\t<span class=\"elementor-button-content-wrapper\">\n\t\t\t\t\t\t\t\t\t<span class=\"elementor-button-text\">S'inscrire<\/span>\n\t\t\t\t\t<\/span>\n\t\t\t\t\t<\/a>\n\t\t\t\t<\/div>\n\t\t\t\t\t\t\t\t<\/div>\n\t\t\t\t<\/div>\n\t\t\t\t\t<\/div>\n\t\t<\/div>\n\t\t\t\t\t<\/div>\n\t\t<\/section>\n\t\t\t\t<\/div>\n\t\t","protected":false},"excerpt":{"rendered":"","protected":false},"author":1,"featured_media":0,"parent":0,"menu_order":0,"comment_status":"closed","ping_status":"closed","template":"rbc-frontend.php","meta":{"footnotes":""},"class_list":["post-2932","page","type-page","status-publish"],"_links":{"self":[{"href":"https:\/\/discovery.cufmilano.com\/fr\/wp-json\/wp\/v2\/pages\/2932","targetHints":{"allow":["GET"]}}],"collection":[{"href":"https:\/\/discovery.cufmilano.com\/fr\/wp-json\/wp\/v2\/pages"}],"about":[{"href":"https:\/\/discovery.cufmilano.com\/fr\/wp-json\/wp\/v2\/types\/page"}],"author":[{"embeddable":true,"href":"https:\/\/discovery.cufmilano.com\/fr\/wp-json\/wp\/v2\/users\/1"}],"replies":[{"embeddable":true,"href":"https:\/\/discovery.cufmilano.com\/fr\/wp-json\/wp\/v2\/comments?post=2932"}],"version-history":[{"count":18,"href":"https:\/\/discovery.cufmilano.com\/fr\/wp-json\/wp\/v2\/pages\/2932\/revisions"}],"predecessor-version":[{"id":2966,"href":"https:\/\/discovery.cufmilano.com\/fr\/wp-json\/wp\/v2\/pages\/2932\/revisions\/2966"}],"wp:attachment":[{"href":"https:\/\/discovery.cufmilano.com\/fr\/wp-json\/wp\/v2\/media?parent=2932"}],"curies":[{"name":"wp","href":"https:\/\/api.w.org\/{rel}","templated":true}]}}